{"id":1341,"date":"2021-06-25T08:18:15","date_gmt":"2021-06-25T08:18:15","guid":{"rendered":"https:\/\/caffecento.nl\/?page_id=1341"},"modified":"2021-08-04T09:15:29","modified_gmt":"2021-08-04T09:15:29","slug":"privacy-policy","status":"publish","type":"page","link":"https:\/\/caffecento.nl\/en\/privacy-policy\/","title":{"rendered":"Privacy policy"},"content":{"rendered":"<p>Caff\u00e8 Cento% strives to respect the privacy of everyone who visits its website. Caff\u00e8 Cento% will therefore handle the personal data obtained with care.<\/p>\n<h3><strong>Identity and contact details<\/strong><\/h3>\n<p>Name: Caff\u00e8 Cento% BV<br \/>\nAddress: Ohmstraat 14<br \/>\nPhone number: 078 6310300<br \/>\nE-mail address: info@caffecento.nl<br \/>\nChamber of Commerce number: 23.066.257<\/p>\n","protected":false},"excerpt":{"rendered":"Caff\u00e8 Cento% strives to respect the privacy of everyone who visits its website. Caff\u00e8 Cento% will therefore handle the personal data obtained with care. Identity and contact details Name: Caff\u00e8 Cento% BV Address: Ohmstraat 14 Phone number: 078 6310300 E-mail address: info@caffecento.nl Chamber of Commerce number: 23.066.257","protected":false},"author":1,"featured_media":1349,"parent":0,"menu_order":0,"comment_status":"closed","ping_status":"open","template":"","meta":[],"yoast_head":"<!-- This site is optimized with the Yoast SEO plugin v18.2 - https:\/\/yoast.com\/wordpress\/plugins\/seo\/ -->\n<meta name=\"description\" content=\"Privacy Policy | Caff\u00e8 Cento% strives to respect the privacy of everyone who visits its website. Read our Privacy policy on our website!\" \/>\n<meta name=\"robots\" content=\"index, follow, max-snippet:-1, max-image-preview:large, max-video-preview:-1\" \/>\n<link rel=\"canonical\" href=\"https:\/\/caffecento.nl\/en\/privacy-policy\/\" \/>\n<meta property=\"og:locale\" content=\"en_US\" \/>\n<meta property=\"og:type\" content=\"article\" \/>\n<meta property=\"og:title\" content=\"Privacy Policy | Read how we protect your privacy | Caff\u00e8 Cento%\" \/>\n<meta property=\"og:description\" content=\"Privacy Policy | Caff\u00e8 Cento% strives to respect the privacy of everyone who visits its website. Read our Privacy policy on our website!\" \/>\n<meta property=\"og:url\" content=\"https:\/\/caffecento.nl\/en\/privacy-policy\/\" \/>\n<meta property=\"og:site_name\" content=\"Caff\u00e8 Cento%\" \/>\n<meta property=\"article:modified_time\" content=\"2021-08-04T09:15:29+00:00\" \/>\n<meta property=\"og:image\" content=\"https:\/\/caffecento.nl\/wp-content\/uploads\/2021\/08\/HV-2021-May-07-449-e1627895161485.jpg\" \/>\n\t<meta property=\"og:image:width\" content=\"2000\" \/>\n\t<meta property=\"og:image:height\" content=\"1333\" \/>\n\t<meta property=\"og:image:type\" content=\"image\/jpeg\" \/>\n<meta name=\"twitter:card\" content=\"summary_large_image\" \/>\n<meta name=\"twitter:label1\" content=\"Est. reading time\" \/>\n\t<meta name=\"twitter:data1\" content=\"1 minute\" \/>\n<script type=\"application\/ld+json\" class=\"yoast-schema-graph\">{\"@context\":\"https:\/\/schema.org\",\"@graph\":[{\"@type\":\"WebSite\",\"@id\":\"https:\/\/caffecento.nl\/#website\",\"url\":\"https:\/\/caffecento.nl\/\",\"name\":\"Caff\u00e8 Cento%\",\"description\":\"Superieure koffie, zonder compromissen.\",\"potentialAction\":[{\"@type\":\"SearchAction\",\"target\":{\"@type\":\"EntryPoint\",\"urlTemplate\":\"https:\/\/caffecento.nl\/?s={search_term_string}\"},\"query-input\":\"required name=search_term_string\"}],\"inLanguage\":\"en-US\"},{\"@type\":\"ImageObject\",\"@id\":\"https:\/\/caffecento.nl\/en\/privacy-policy\/#primaryimage\",\"inLanguage\":\"en-US\",\"url\":\"https:\/\/caffecento.nl\/wp-content\/uploads\/2021\/08\/HV-2021-May-07-449-e1627895161485.jpg\",\"contentUrl\":\"https:\/\/caffecento.nl\/wp-content\/uploads\/2021\/08\/HV-2021-May-07-449-e1627895161485.jpg\",\"width\":2000,\"height\":1333,\"caption\":\"Cento header\"},{\"@type\":\"WebPage\",\"@id\":\"https:\/\/caffecento.nl\/en\/privacy-policy\/#webpage\",\"url\":\"https:\/\/caffecento.nl\/en\/privacy-policy\/\",\"name\":\"Privacy Policy | Read how we protect your privacy | Caff\u00e8 Cento%\",\"isPartOf\":{\"@id\":\"https:\/\/caffecento.nl\/#website\"},\"primaryImageOfPage\":{\"@id\":\"https:\/\/caffecento.nl\/en\/privacy-policy\/#primaryimage\"},\"datePublished\":\"2021-06-25T08:18:15+00:00\",\"dateModified\":\"2021-08-04T09:15:29+00:00\",\"description\":\"Privacy Policy | Caff\u00e8 Cento% strives to respect the privacy of everyone who visits its website. Read our Privacy policy on our website!\",\"breadcrumb\":{\"@id\":\"https:\/\/caffecento.nl\/en\/privacy-policy\/#breadcrumb\"},\"inLanguage\":\"en-US\",\"potentialAction\":[{\"@type\":\"ReadAction\",\"target\":[\"https:\/\/caffecento.nl\/en\/privacy-policy\/\"]}]},{\"@type\":\"BreadcrumbList\",\"@id\":\"https:\/\/caffecento.nl\/en\/privacy-policy\/#breadcrumb\",\"itemListElement\":[{\"@type\":\"ListItem\",\"position\":1,\"name\":\"Home\",\"item\":\"https:\/\/caffecento.nl\/en\/\"},{\"@type\":\"ListItem\",\"position\":2,\"name\":\"Privacy policy\"}]}]}<\/script>\n<!-- \/ Yoast SEO plugin. -->","yoast_head_json":{"description":"Privacy Policy | Caff\u00e8 Cento% strives to respect the privacy of everyone who visits its website. Read our Privacy policy on our website!","robots":{"index":"index","follow":"follow","max-snippet":"max-snippet:-1","max-image-preview":"max-image-preview:large","max-video-preview":"max-video-preview:-1"},"canonical":"https:\/\/caffecento.nl\/en\/privacy-policy\/","og_locale":"en_US","og_type":"article","og_title":"Privacy Policy | Read how we protect your privacy | Caff\u00e8 Cento%","og_description":"Privacy Policy | Caff\u00e8 Cento% strives to respect the privacy of everyone who visits its website. Read our Privacy policy on our website!","og_url":"https:\/\/caffecento.nl\/en\/privacy-policy\/","og_site_name":"Caff\u00e8 Cento%","article_modified_time":"2021-08-04T09:15:29+00:00","og_image":[{"width":2000,"height":1333,"url":"https:\/\/caffecento.nl\/wp-content\/uploads\/2021\/08\/HV-2021-May-07-449-e1627895161485.jpg","type":"image\/jpeg"}],"twitter_card":"summary_large_image","twitter_misc":{"Est. reading time":"1 minute"},"schema":{"@context":"https:\/\/schema.org","@graph":[{"@type":"WebSite","@id":"https:\/\/caffecento.nl\/#website","url":"https:\/\/caffecento.nl\/","name":"Caff\u00e8 Cento%","description":"Superieure koffie, zonder compromissen.","potentialAction":[{"@type":"SearchAction","target":{"@type":"EntryPoint","urlTemplate":"https:\/\/caffecento.nl\/?s={search_term_string}"},"query-input":"required name=search_term_string"}],"inLanguage":"en-US"},{"@type":"ImageObject","@id":"https:\/\/caffecento.nl\/en\/privacy-policy\/#primaryimage","inLanguage":"en-US","url":"https:\/\/caffecento.nl\/wp-content\/uploads\/2021\/08\/HV-2021-May-07-449-e1627895161485.jpg","contentUrl":"https:\/\/caffecento.nl\/wp-content\/uploads\/2021\/08\/HV-2021-May-07-449-e1627895161485.jpg","width":2000,"height":1333,"caption":"Cento header"},{"@type":"WebPage","@id":"https:\/\/caffecento.nl\/en\/privacy-policy\/#webpage","url":"https:\/\/caffecento.nl\/en\/privacy-policy\/","name":"Privacy Policy | Read how we protect your privacy | Caff\u00e8 Cento%","isPartOf":{"@id":"https:\/\/caffecento.nl\/#website"},"primaryImageOfPage":{"@id":"https:\/\/caffecento.nl\/en\/privacy-policy\/#primaryimage"},"datePublished":"2021-06-25T08:18:15+00:00","dateModified":"2021-08-04T09:15:29+00:00","description":"Privacy Policy | Caff\u00e8 Cento% strives to respect the privacy of everyone who visits its website. Read our Privacy policy on our website!","breadcrumb":{"@id":"https:\/\/caffecento.nl\/en\/privacy-policy\/#breadcrumb"},"inLanguage":"en-US","potentialAction":[{"@type":"ReadAction","target":["https:\/\/caffecento.nl\/en\/privacy-policy\/"]}]},{"@type":"BreadcrumbList","@id":"https:\/\/caffecento.nl\/en\/privacy-policy\/#breadcrumb","itemListElement":[{"@type":"ListItem","position":1,"name":"Home","item":"https:\/\/caffecento.nl\/en\/"},{"@type":"ListItem","position":2,"name":"Privacy policy"}]}]}},"acf":[],"_links":{"self":[{"href":"https:\/\/caffecento.nl\/en\/wp-json\/wp\/v2\/pages\/1341"}],"collection":[{"href":"https:\/\/caffecento.nl\/en\/wp-json\/wp\/v2\/pages"}],"about":[{"href":"https:\/\/caffecento.nl\/en\/wp-json\/wp\/v2\/types\/page"}],"author":[{"embeddable":true,"href":"https:\/\/caffecento.nl\/en\/wp-json\/wp\/v2\/users\/1"}],"replies":[{"embeddable":true,"href":"https:\/\/caffecento.nl\/en\/wp-json\/wp\/v2\/comments?post=1341"}],"version-history":[{"count":8,"href":"https:\/\/caffecento.nl\/en\/wp-json\/wp\/v2\/pages\/1341\/revisions"}],"predecessor-version":[{"id":1554,"href":"https:\/\/caffecento.nl\/en\/wp-json\/wp\/v2\/pages\/1341\/revisions\/1554"}],"wp:featuredmedia":[{"embeddable":true,"href":"https:\/\/caffecento.nl\/en\/wp-json\/wp\/v2\/media\/1349"}],"wp:attachment":[{"href":"https:\/\/caffecento.nl\/en\/wp-json\/wp\/v2\/media?parent=1341"}],"curies":[{"name":"wp","href":"https:\/\/api.w.org\/{rel}","templated":true}]}}